{"id":1540,"date":"2020-01-28T16:34:34","date_gmt":"2020-01-28T15:34:34","guid":{"rendered":"http:\/\/burkhard-group.com\/contact\/"},"modified":"2022-01-21T14:53:45","modified_gmt":"2022-01-21T13:53:45","slug":"contact","status":"publish","type":"page","link":"https:\/\/burkhard-group.com\/fr\/contact\/","title":{"rendered":"Contact"},"content":{"rendered":"<div class=\"wpb-content-wrapper\"><p>[vc_row gap=\u00a0\u00bb25&Prime; css=\u00a0\u00bb.vc_custom_1570011758500{margin-top: 50px !important;}\u00a0\u00bb][vc_column width=\u00a0\u00bb1\/2&Prime;][vc_column_text]<\/p>\n<h2>Envoyez-nous un message<\/h2>\n<p>[\/vc_column_text][vc_column_text]Nous serons heureux de vous conseiller personnellement pour toutes questions concernant nos produits et services. Laissez-nous votre message et nous vous r\u00e9pondrons dans les plus brefs d\u00e9lais.[\/vc_column_text]\n<div class=\"wpcf7 no-js\" id=\"wpcf7-f1543-o1\" lang=\"en-US\" dir=\"ltr\" data-wpcf7-id=\"1543\">\n<div class=\"screen-reader-response\"><p role=\"status\" aria-live=\"polite\" aria-atomic=\"true\"><\/p> <ul><\/ul><\/div>\n<form action=\"\/fr\/wp-json\/wp\/v2\/pages\/1540#wpcf7-f1543-o1\" method=\"post\" class=\"wpcf7-form init\" aria-label=\"Contact form\" novalidate=\"novalidate\" data-status=\"init\">\n<fieldset class=\"hidden-fields-container\"><input type=\"hidden\" name=\"_wpcf7\" value=\"1543\" \/><input type=\"hidden\" name=\"_wpcf7_version\" value=\"6.1.4\" \/><input type=\"hidden\" name=\"_wpcf7_locale\" value=\"en_US\" \/><input type=\"hidden\" name=\"_wpcf7_unit_tag\" value=\"wpcf7-f1543-o1\" \/><input type=\"hidden\" name=\"_wpcf7_container_post\" value=\"0\" \/><input type=\"hidden\" name=\"_wpcf7_posted_data_hash\" value=\"\" \/><input type=\"hidden\" name=\"_wpcf7dtx_version\" value=\"5.0.4\" \/>\n<\/fieldset>\n<div class=\"row\">\n\t<div class=\"col-lg-12\">\n\t\t<p><label>Votre pr\u00e9nom*<br \/>\n<span class=\"wpcf7-form-control-wrap\" data-name=\"Vorname\"><input size=\"40\" maxlength=\"400\" class=\"wpcf7-form-control wpcf7-text wpcf7-validates-as-required\" aria-required=\"true\" aria-invalid=\"false\" placeholder=\"Votre pr\u00e9nom\" value=\"\" type=\"text\" name=\"Vorname\" \/><\/span><\/label>\n\t\t<\/p>\n\t<\/div>\n<\/div>\n<div class=\"row\">\n\t<div class=\"col-lg-12\">\n\t\t<p><label>Votre nom de famille*<br \/>\n<span class=\"wpcf7-form-control-wrap\" data-name=\"Nachname\"><input size=\"40\" maxlength=\"400\" class=\"wpcf7-form-control wpcf7-text wpcf7-validates-as-required\" aria-required=\"true\" aria-invalid=\"false\" placeholder=\"Votre nom de famille\" value=\"\" type=\"text\" name=\"Nachname\" \/><\/span><\/label>\n\t\t<\/p>\n\t<\/div>\n<\/div>\n<div class=\"row\">\n\t<div class=\"col-lg-12\">\n\t\t<p><label>Entreprise*<br \/>\n<span class=\"wpcf7-form-control-wrap\" data-name=\"company\"><input size=\"40\" maxlength=\"400\" class=\"wpcf7-form-control wpcf7-text wpcf7-validates-as-required\" aria-required=\"true\" aria-invalid=\"false\" placeholder=\"Entreprise\" value=\"\" type=\"text\" name=\"company\" \/><\/span><\/label>\n\t\t<\/p>\n\t<\/div>\n<\/div>\n<div class=\"row\">\n\t<div class=\"col-lg-12\">\n\t\t<p><label>Votre num\u00e9ro de t\u00e9l\u00e9phone*<br \/>\n<span class=\"wpcf7-form-control-wrap\" data-name=\"Telefonnummer\"><input size=\"40\" maxlength=\"400\" class=\"wpcf7-form-control wpcf7-tel wpcf7-validates-as-required wpcf7-text wpcf7-validates-as-tel\" aria-required=\"true\" aria-invalid=\"false\" placeholder=\"+49 1234 5678910\" value=\"\" type=\"tel\" name=\"Telefonnummer\" \/><\/span><\/label>\n\t\t<\/p>\n\t<\/div>\n<\/div>\n<div class=\"row\">\n\t<div class=\"col-lg-12\">\n\t\t<p><label>E-Mail*<br \/>\n<span class=\"wpcf7-form-control-wrap\" data-name=\"Email-Adresse\"><input size=\"40\" maxlength=\"400\" class=\"wpcf7-form-control wpcf7-email wpcf7-validates-as-required wpcf7-text wpcf7-validates-as-email\" aria-required=\"true\" aria-invalid=\"false\" placeholder=\"Votre adresse e-mail\" value=\"\" type=\"email\" name=\"Email-Adresse\" \/><\/span><\/label>\n\t\t<\/p>\n\t<\/div>\n<\/div>\n<div class=\"row\">\n\t<div class=\"col-lg-12\">\n\t\t<p><label>T\u00e9l\u00e9chargement(s)<br \/>\n<span class=\"wpcf7-form-control-wrap\" data-name=\"bupload\"><input size=\"40\" class=\"wpcf7-form-control wpcf7-drag-n-drop-file d-none\" aria-invalid=\"false\" type=\"file\" multiple=\"multiple\" data-name=\"bupload\" data-type=\"jpeg|jpg|gif|png|doc|docx|ppt|pptx|pdf\" data-limit=\"2000000\" data-min=\"1\" data-max=\"5\" data-id=\"1543\" data-version=\"free version 1.3.9.3\" accept=\".jpeg, .jpg, .gif, .png, .doc, .docx, .ppt, .pptx, .pdf\" \/><\/span><\/label>\n\t\t<\/p>\n\t<\/div>\n\t<div class=\"col-lg-12\">\n\t\t<p><label>Message<br \/>\n<span class=\"wpcf7-form-control-wrap\" data-name=\"nachricht\"><textarea cols=\"40\" rows=\"10\" maxlength=\"2000\" class=\"wpcf7-form-control wpcf7-textarea wpcf7-validates-as-required\" aria-required=\"true\" aria-invalid=\"false\" name=\"nachricht\"><\/textarea><\/span> <\/label>\n\t\t<\/p>\n\t<\/div>\n<\/div>\n<p><span class=\"wpcf7-form-control-wrap\" data-name=\"acceptance-627\"><span class=\"wpcf7-form-control wpcf7-acceptance\"><span class=\"wpcf7-list-item\"><label><input type=\"checkbox\" name=\"acceptance-627\" value=\"1\" aria-invalid=\"false\" \/><span class=\"wpcf7-list-item-label\">J'ai lu la <a href=\"\/protection-des-donnees\/?lang=fr\" target=\"_blank\">politique de confidentialit\u00e9<\/a> et je l'accepte.<\/span><\/label><\/span><\/span><\/span>\n<\/p>\n<div class=\"row\">\n\t<div class=\"col-lg-4\">\n\t\t<p><input class=\"wpcf7-form-control wpcf7-submit has-spinner fdi-grey-button\" type=\"submit\" value=\"Soumettre\" \/>\n\t\t<\/p>\n\t<\/div>\n<\/div><div class=\"wpcf7-response-output\" aria-hidden=\"true\"><\/div>\n<\/form>\n<\/div>\n[\/vc_column][vc_column width=\u00a0\u00bb1\/2&Prime;][vc_column_text]<\/p>\n<h2>Informations de contact<\/h2>\n<p>[\/vc_column_text][vc_gmaps link=\u00a0\u00bb#E-8_JTNDaWZyYW1lJTIwc3JjJTNEJTIyaHR0cHMlM0ElMkYlMkZ3d3cuZ29vZ2xlLmNvbSUyRm1hcHMlMkZlbWJlZCUzRnBiJTNEJTIxMW0xOCUyMTFtMTIlMjExbTMlMjExZDI2NzUuMTc1NzQ4Njk1NDE5MyUyMTJkMTAuNjU0MTYxMzE1ODkzNzUyJTIxM2Q0Ny44OTQyODM1NzYwNTMyMyUyMTJtMyUyMTFmMCUyMTJmMCUyMTNmMCUyMTNtMiUyMTFpMTAyNCUyMTJpNzY4JTIxNGYxMy4xJTIxM20zJTIxMW0yJTIxMXMweDQ3OWM2YjMwNmYwMmU3ZTklMjUzQTB4ZTA1ZGU1YjgyNDVlNzY4MyUyMTJzTCUyNUMzJTI1QjZ0dGVjaG5payUyNTIwQnVya2hhcmQlMjUyMEdtYkglMjUyMCUyNTI2JTI1MjBDby4lMjUyMEtHJTIxNWUwJTIxM20yJTIxMXNkZSUyMTJzZGUlMjE0djE1Njk0MTI5MTA4NTIlMjE1bTIlMjExc2RlJTIxMnNkZSUyMiUyMHdpZHRoJTNEJTIyNjAwJTIyJTIwaGVpZ2h0JTNEJTIyNDUwJTIyJTIwZnJhbWVib3JkZXIlM0QlMjIwJTIyJTIwc3R5bGUlM0QlMjJib3JkZXIlM0EwJTNCJTIyJTIwYWxsb3dmdWxsc2NyZWVuJTNEJTIyJTIyJTNFJTNDJTJGaWZyYW1lJTNF\u00a0\u00bb][vc_row_inner][vc_column_inner width=\u00a0\u00bb1\/2&Prime;]<div class=\"aio-icon-component    style_1\"><div id=\"Info-box-wrap-6399\" class=\"aio-icon-box left-icon\" style=\"\"  ><div class=\"aio-icon-left\"><div class=\"ult-just-icon-wrapper  \"><div class=\"align-icon\" style=\"text-align:center;\">\n<div class=\"aio-icon none \"  style=\"color:#333;font-size:32px;display:inline-block;\">\n\t<i class=\"fas fa-city\"><\/i>\n<\/div><\/div><\/div><\/div><div class=\"aio-ibd-block\"><div class=\"aio-icon-description ult-responsive\"  data-ultimate-target='#Info-box-wrap-6399 .aio-icon-description'  data-responsive-json-new='{\"font-size\":\"\",\"line-height\":\"\"}'  style=\"\">Julius-Probst-Stra\u00dfe 7+9<br \/>\nD-87600 Kaufbeuren<\/p>\n<div id=\"ritekit-alerts\"><\/div>\n<p><\/div> <!-- description --><\/div> <!-- aio-ibd-block --><\/div> <!-- aio-icon-box --><\/div> <!-- aio-icon-component --><div class=\"aio-icon-component    style_1\"><div id=\"Info-box-wrap-2089\" class=\"aio-icon-box left-icon\" style=\"\"  ><div class=\"aio-icon-left\"><div class=\"ult-just-icon-wrapper  \"><div class=\"align-icon\" style=\"text-align:center;\">\n<div class=\"aio-icon none \"  style=\"color:#333;font-size:32px;display:inline-block;\">\n\t<i class=\"fas fa-pen\"><\/i>\n<\/div><\/div><\/div><\/div><div class=\"aio-ibd-block\"><div class=\"aio-icon-description ult-responsive\"  data-ultimate-target='#Info-box-wrap-2089 .aio-icon-description'  data-responsive-json-new='{\"font-size\":\"\",\"line-height\":\"\"}'  style=\"\"><a href=\"mailto:info@burkhard-group.com\">info@burkhard-group.com<\/a><\/div> <!-- description --><\/div> <!-- aio-ibd-block --><\/div> <!-- aio-icon-box --><\/div> <!-- aio-icon-component -->[\/vc_column_inner][vc_column_inner width=\u00a0\u00bb1\/2&Prime;]<div class=\"aio-icon-component    style_1\"><div id=\"Info-box-wrap-5691\" class=\"aio-icon-box left-icon\" style=\"\"  ><div class=\"aio-icon-left\"><div class=\"ult-just-icon-wrapper  \"><div class=\"align-icon\" style=\"text-align:center;\">\n<div class=\"aio-icon none \"  style=\"color:#333;font-size:32px;display:inline-block;\">\n\t<i class=\"icomoon-the7-font-the7-phone-05\"><\/i>\n<\/div><\/div><\/div><\/div><div class=\"aio-ibd-block\"><div class=\"aio-icon-description ult-responsive\"  data-ultimate-target='#Info-box-wrap-5691 .aio-icon-description'  data-responsive-json-new='{\"font-size\":\"\",\"line-height\":\"\"}'  style=\"\">T\u00e9l. : +49 (0)8341 966884-44<\/p>\n<div id=\"ritekit-alerts\"><\/div>\n<p><\/div> <!-- description --><\/div> <!-- aio-ibd-block --><\/div> <!-- aio-icon-box --><\/div> <!-- aio-icon-component -->[\/vc_column_inner][\/vc_row_inner][\/vc_column][\/vc_row][vc_row][vc_column]<div class=\"ult-spacer spacer-69ff4872d76f5\" data-id=\"69ff4872d76f5\" data-height=\"25\" data-height-mobile=\"25\" data-height-tab=\"25\" data-height-tab-portrait=\"\" data-height-mobile-landscape=\"\" style=\"clear:both;display:block;\"><\/div>[\/vc_column][\/vc_row]<\/p>\n<\/div>","protected":false},"excerpt":{"rendered":"<p>[vc_row gap=\u00a0\u00bb25&Prime; css=\u00a0\u00bb.vc_custom_1570011758500{margin-top: 50px !important;}\u00a0\u00bb][vc_column width=\u00a0\u00bb1\/2&Prime;][vc_column_text] Envoyez-nous un message [\/vc_column_text][vc_column_text]Nous serons heureux de vous conseiller personnellement pour toutes questions concernant nos produits et services. Laissez-nous votre message et nous vous r\u00e9pondrons dans les plus brefs d\u00e9lais.[\/vc_column_text][\/vc_column][vc_column width=\u00a0\u00bb1\/2&Prime;][vc_column_text] Informations de contact [\/vc_column_text][vc_gmaps link=\u00a0\u00bb#E-8_JTNDaWZyYW1lJTIwc3JjJTNEJTIyaHR0cHMlM0ElMkYlMkZ3d3cuZ29vZ2xlLmNvbSUyRm1hcHMlMkZlbWJlZCUzRnBiJTNEJTIxMW0xOCUyMTFtMTIlMjExbTMlMjExZDI2NzUuMTc1NzQ4Njk1NDE5MyUyMTJkMTAuNjU0MTYxMzE1ODkzNzUyJTIxM2Q0Ny44OTQyODM1NzYwNTMyMyUyMTJtMyUyMTFmMCUyMTJmMCUyMTNmMCUyMTNtMiUyMTFpMTAyNCUyMTJpNzY4JTIxNGYxMy4xJTIxM20zJTIxMW0yJTIxMXMweDQ3OWM2YjMwNmYwMmU3ZTklMjUzQTB4ZTA1ZGU1YjgyNDVlNzY4MyUyMTJzTCUyNUMzJTI1QjZ0dGVjaG5payUyNTIwQnVya2hhcmQlMjUyMEdtYkglMjUyMCUyNTI2JTI1MjBDby4lMjUyMEtHJTIxNWUwJTIxM20yJTIxMXNkZSUyMTJzZGUlMjE0djE1Njk0MTI5MTA4NTIlMjE1bTIlMjExc2RlJTIxMnNkZSUyMiUyMHdpZHRoJTNEJTIyNjAwJTIyJTIwaGVpZ2h0JTNEJTIyNDUwJTIyJTIwZnJhbWVib3JkZXIlM0QlMjIwJTIyJTIwc3R5bGUlM0QlMjJib3JkZXIlM0EwJTNCJTIyJTIwYWxsb3dmdWxsc2NyZWVuJTNEJTIyJTIyJTNFJTNDJTJGaWZyYW1lJTNF\u00a0\u00bb][vc_row_inner][vc_column_inner width=\u00a0\u00bb1\/2&Prime;][\/vc_column_inner][vc_column_inner width=\u00a0\u00bb1\/2&Prime;][\/vc_column_inner][\/vc_row_inner][\/vc_column][\/vc_row][vc_row][vc_column][\/vc_column][\/vc_row]<\/p>\n","protected":false},"author":1,"featured_media":0,"parent":0,"menu_order":0,"comment_status":"closed","ping_status":"open","template":"","meta":{"_lmt_disableupdate":"no","_lmt_disable":"","footnotes":""},"class_list":["post-1540","page","type-page","status-publish","hentry","description-off"],"yoast_head":"<!-- This site is optimized with the Yoast SEO plugin v26.8 - https:\/\/yoast.com\/product\/yoast-seo-wordpress\/ -->\n<title>Contact - BURKHARD GROUP - soudure | glow | soudure | t\u00eates de pulv\u00e9risation<\/title>\n<meta name=\"description\" content=\"Haben Sie eine Frage zu unseren Leistungen oder Produkten? Kontaktieren Sie uns einfach \u00fcber unser Kontaktformular oder rufen Sie uns an.\" \/>\n<meta name=\"robots\" content=\"index, follow, max-snippet:-1, max-image-preview:large, max-video-preview:-1\" \/>\n<link rel=\"canonical\" href=\"https:\/\/burkhard-group.com\/kontakt\/\" \/>\n<meta property=\"og:locale\" content=\"fr_FR\" \/>\n<meta property=\"og:type\" content=\"article\" \/>\n<meta property=\"og:title\" content=\"Contact - BURKHARD GROUP - soudure | glow | soudure | t\u00eates de pulv\u00e9risation\" \/>\n<meta property=\"og:description\" content=\"Haben Sie eine Frage zu unseren Leistungen oder Produkten? Kontaktieren Sie uns einfach \u00fcber unser Kontaktformular oder rufen Sie uns an.\" \/>\n<meta property=\"og:url\" content=\"https:\/\/burkhard-group.com\/kontakt\/\" \/>\n<meta property=\"og:site_name\" content=\"BURKHARD GROUP\" \/>\n<meta property=\"article:publisher\" content=\"https:\/\/de-de.facebook.com\/burkhardgroup\/\" \/>\n<meta property=\"article:modified_time\" content=\"2022-01-21T13:53:45+00:00\" \/>\n<meta name=\"twitter:card\" content=\"summary_large_image\" \/>\n<meta name=\"twitter:label1\" content=\"Dur\u00e9e de lecture estim\u00e9e\" \/>\n\t<meta name=\"twitter:data1\" content=\"1 minute\" \/>\n<script type=\"application\/ld+json\" class=\"yoast-schema-graph\">{\"@context\":\"https:\/\/schema.org\",\"@graph\":[{\"@type\":\"WebPage\",\"@id\":\"https:\/\/burkhard-group.com\/kontakt\/\",\"url\":\"https:\/\/burkhard-group.com\/kontakt\/\",\"name\":\"Contact - BURKHARD GROUP - soudure | glow | soudure | t\u00eates de pulv\u00e9risation\",\"isPartOf\":{\"@id\":\"https:\/\/burkhard-group.com\/#website\"},\"datePublished\":\"2020-01-28T15:34:34+00:00\",\"dateModified\":\"2022-01-21T13:53:45+00:00\",\"description\":\"Haben Sie eine Frage zu unseren Leistungen oder Produkten? Kontaktieren Sie uns einfach \u00fcber unser Kontaktformular oder rufen Sie uns an.\",\"breadcrumb\":{\"@id\":\"https:\/\/burkhard-group.com\/kontakt\/#breadcrumb\"},\"inLanguage\":\"fr-FR\",\"potentialAction\":[{\"@type\":\"ReadAction\",\"target\":[\"https:\/\/burkhard-group.com\/kontakt\/\"]}]},{\"@type\":\"BreadcrumbList\",\"@id\":\"https:\/\/burkhard-group.com\/kontakt\/#breadcrumb\",\"itemListElement\":[{\"@type\":\"ListItem\",\"position\":1,\"name\":\"Startseite\",\"item\":\"https:\/\/burkhard-group.com\/fr\/\"},{\"@type\":\"ListItem\",\"position\":2,\"name\":\"Contact\"}]},{\"@type\":\"WebSite\",\"@id\":\"https:\/\/burkhard-group.com\/#website\",\"url\":\"https:\/\/burkhard-group.com\/\",\"name\":\"BURKHARD GROUP\",\"description\":\"Seit 1995 l\u00f6ten, gl\u00fchen und schwei\u00dfen wir aus Leidenschaft und Tradition.\",\"publisher\":{\"@id\":\"https:\/\/burkhard-group.com\/#organization\"},\"potentialAction\":[{\"@type\":\"SearchAction\",\"target\":{\"@type\":\"EntryPoint\",\"urlTemplate\":\"https:\/\/burkhard-group.com\/?s={search_term_string}\"},\"query-input\":{\"@type\":\"PropertyValueSpecification\",\"valueRequired\":true,\"valueName\":\"search_term_string\"}}],\"inLanguage\":\"fr-FR\"},{\"@type\":\"Organization\",\"@id\":\"https:\/\/burkhard-group.com\/#organization\",\"name\":\"Burkhard Group\",\"url\":\"https:\/\/burkhard-group.com\/\",\"logo\":{\"@type\":\"ImageObject\",\"inLanguage\":\"fr-FR\",\"@id\":\"https:\/\/burkhard-group.com\/#\/schema\/logo\/image\/\",\"url\":\"https:\/\/burkhard-group.com\/wp-content\/uploads\/2019\/10\/favicon-120_burkhard-group.png\",\"contentUrl\":\"https:\/\/burkhard-group.com\/wp-content\/uploads\/2019\/10\/favicon-120_burkhard-group.png\",\"width\":120,\"height\":120,\"caption\":\"Burkhard Group\"},\"image\":{\"@id\":\"https:\/\/burkhard-group.com\/#\/schema\/logo\/image\/\"},\"sameAs\":[\"https:\/\/de-de.facebook.com\/burkhardgroup\/\",\"https:\/\/www.instagram.com\/burkhardgroup\/?hl=de\"]}]}<\/script>\n<!-- \/ Yoast SEO plugin. -->","yoast_head_json":{"title":"Contact - BURKHARD GROUP - soudure | glow | soudure | t\u00eates de pulv\u00e9risation","description":"Haben Sie eine Frage zu unseren Leistungen oder Produkten? Kontaktieren Sie uns einfach \u00fcber unser Kontaktformular oder rufen Sie uns an.","robots":{"index":"index","follow":"follow","max-snippet":"max-snippet:-1","max-image-preview":"max-image-preview:large","max-video-preview":"max-video-preview:-1"},"canonical":"https:\/\/burkhard-group.com\/kontakt\/","og_locale":"fr_FR","og_type":"article","og_title":"Contact - BURKHARD GROUP - soudure | glow | soudure | t\u00eates de pulv\u00e9risation","og_description":"Haben Sie eine Frage zu unseren Leistungen oder Produkten? Kontaktieren Sie uns einfach \u00fcber unser Kontaktformular oder rufen Sie uns an.","og_url":"https:\/\/burkhard-group.com\/kontakt\/","og_site_name":"BURKHARD GROUP","article_publisher":"https:\/\/de-de.facebook.com\/burkhardgroup\/","article_modified_time":"2022-01-21T13:53:45+00:00","twitter_card":"summary_large_image","twitter_misc":{"Dur\u00e9e de lecture estim\u00e9e":"1 minute"},"schema":{"@context":"https:\/\/schema.org","@graph":[{"@type":"WebPage","@id":"https:\/\/burkhard-group.com\/kontakt\/","url":"https:\/\/burkhard-group.com\/kontakt\/","name":"Contact - BURKHARD GROUP - soudure | glow | soudure | t\u00eates de pulv\u00e9risation","isPartOf":{"@id":"https:\/\/burkhard-group.com\/#website"},"datePublished":"2020-01-28T15:34:34+00:00","dateModified":"2022-01-21T13:53:45+00:00","description":"Haben Sie eine Frage zu unseren Leistungen oder Produkten? Kontaktieren Sie uns einfach \u00fcber unser Kontaktformular oder rufen Sie uns an.","breadcrumb":{"@id":"https:\/\/burkhard-group.com\/kontakt\/#breadcrumb"},"inLanguage":"fr-FR","potentialAction":[{"@type":"ReadAction","target":["https:\/\/burkhard-group.com\/kontakt\/"]}]},{"@type":"BreadcrumbList","@id":"https:\/\/burkhard-group.com\/kontakt\/#breadcrumb","itemListElement":[{"@type":"ListItem","position":1,"name":"Startseite","item":"https:\/\/burkhard-group.com\/fr\/"},{"@type":"ListItem","position":2,"name":"Contact"}]},{"@type":"WebSite","@id":"https:\/\/burkhard-group.com\/#website","url":"https:\/\/burkhard-group.com\/","name":"BURKHARD GROUP","description":"Seit 1995 l\u00f6ten, gl\u00fchen und schwei\u00dfen wir aus Leidenschaft und Tradition.","publisher":{"@id":"https:\/\/burkhard-group.com\/#organization"},"potentialAction":[{"@type":"SearchAction","target":{"@type":"EntryPoint","urlTemplate":"https:\/\/burkhard-group.com\/?s={search_term_string}"},"query-input":{"@type":"PropertyValueSpecification","valueRequired":true,"valueName":"search_term_string"}}],"inLanguage":"fr-FR"},{"@type":"Organization","@id":"https:\/\/burkhard-group.com\/#organization","name":"Burkhard Group","url":"https:\/\/burkhard-group.com\/","logo":{"@type":"ImageObject","inLanguage":"fr-FR","@id":"https:\/\/burkhard-group.com\/#\/schema\/logo\/image\/","url":"https:\/\/burkhard-group.com\/wp-content\/uploads\/2019\/10\/favicon-120_burkhard-group.png","contentUrl":"https:\/\/burkhard-group.com\/wp-content\/uploads\/2019\/10\/favicon-120_burkhard-group.png","width":120,"height":120,"caption":"Burkhard Group"},"image":{"@id":"https:\/\/burkhard-group.com\/#\/schema\/logo\/image\/"},"sameAs":["https:\/\/de-de.facebook.com\/burkhardgroup\/","https:\/\/www.instagram.com\/burkhardgroup\/?hl=de"]}]}},"_links":{"self":[{"href":"https:\/\/burkhard-group.com\/fr\/wp-json\/wp\/v2\/pages\/1540","targetHints":{"allow":["GET"]}}],"collection":[{"href":"https:\/\/burkhard-group.com\/fr\/wp-json\/wp\/v2\/pages"}],"about":[{"href":"https:\/\/burkhard-group.com\/fr\/wp-json\/wp\/v2\/types\/page"}],"author":[{"embeddable":true,"href":"https:\/\/burkhard-group.com\/fr\/wp-json\/wp\/v2\/users\/1"}],"replies":[{"embeddable":true,"href":"https:\/\/burkhard-group.com\/fr\/wp-json\/wp\/v2\/comments?post=1540"}],"version-history":[{"count":3,"href":"https:\/\/burkhard-group.com\/fr\/wp-json\/wp\/v2\/pages\/1540\/revisions"}],"predecessor-version":[{"id":2518,"href":"https:\/\/burkhard-group.com\/fr\/wp-json\/wp\/v2\/pages\/1540\/revisions\/2518"}],"wp:attachment":[{"href":"https:\/\/burkhard-group.com\/fr\/wp-json\/wp\/v2\/media?parent=1540"}],"curies":[{"name":"wp","href":"https:\/\/api.w.org\/{rel}","templated":true}]}}