{"id":1539,"date":"2020-01-28T16:34:22","date_gmt":"2020-01-28T15:34:22","guid":{"rendered":"http:\/\/burkhard-group.com\/plan-du-site\/"},"modified":"2022-01-21T14:52:42","modified_gmt":"2022-01-21T13:52:42","slug":"plan-du-site","status":"publish","type":"page","link":"https:\/\/burkhard-group.com\/fr\/plan-du-site\/","title":{"rendered":"Plan du site"},"content":{"rendered":"<div id=\"simple-sitemap-container-69f41dff7bf7f\" class=\"simple-sitemap-container simple-sitemap-container-69f41dff7bf7f tab-disabled\"><div class=\"simple-sitemap-wrap\"><h3 class=\"post-type\">Pages<\/h3><ul class=\"simple-sitemap-page main\"><li class=\"sitemap-item page_item page-item-1534\"><a href=\"https:\/\/burkhard-group.com\/fr\/a-propos-de-nous\/\">\u00c0 propos de nous<\/a><\/li>\n<li class=\"sitemap-item page_item page-item-1620\"><a href=\"https:\/\/burkhard-group.com\/fr\/carriere\/\">Carri\u00e8re<\/a><\/li>\n<li class=\"sitemap-item page_item page-item-1540\"><a href=\"https:\/\/burkhard-group.com\/fr\/contact\/\">Contact<\/a><\/li>\n<li class=\"sitemap-item page_item page-item-1702\"><a href=\"https:\/\/burkhard-group.com\/fr\/dates-des-expositions\/\">Dates des expositions<\/a><\/li>\n<li class=\"sitemap-item page_item page-item-1532\"><a href=\"https:\/\/burkhard-group.com\/fr\/\">Home<\/a><\/li>\n<li class=\"sitemap-item page_item page-item-1662\"><a href=\"https:\/\/burkhard-group.com\/fr\/informations-legales\/\">Informations l\u00e9gales<\/a><\/li>\n<li class=\"sitemap-item page_item page-item-1697\"><a href=\"https:\/\/burkhard-group.com\/fr\/nouvelles-et-presse\/\">Nouvelles et presse<\/a><\/li>\n<li class=\"sitemap-item page_item page-item-1539\"><a href=\"https:\/\/burkhard-group.com\/fr\/plan-du-site\/\">Plan du site<\/a><\/li>\n<li class=\"sitemap-item page_item page-item-1666\"><a href=\"https:\/\/burkhard-group.com\/fr\/protection-des-donnees\/\">Protection des donn\u00e9es<\/a><\/li>\n<li class=\"sitemap-item page_item page-item-2058\"><a href=\"https:\/\/burkhard-group.com\/fr\/privacy-policy\/\">Protection des donn\u00e9es<\/a><\/li>\n<li class=\"sitemap-item page_item page-item-1537\"><a href=\"https:\/\/burkhard-group.com\/fr\/resultats-de-la-recherche\/\">R\u00e9sultats de la recherche<\/a><\/li>\n<\/ul><\/div><\/div><br style=\"clear: both;\">\n<div id=\"simple-sitemap-container-69f41dff856c3\" class=\"simple-sitemap-container simple-sitemap-container-69f41dff856c3\"><h3 class=\"post-type\">Articles<\/h3><div class=\"simple-sitemap-wrap a-venir\"><h3 class=\"term-tag\">\u221a\u00c4 venir<\/h3><ul class=\"simple-sitemap-post main\"><li class=\"sitemap-item\"><a href=\"https:\/\/burkhard-group.com\/fr\/kaufbeurer-ausbildungstag-2020\/\">Kaufbeurer Ausbildungstag 2020<\/a><\/li><\/ul><\/div><div class=\"simple-sitemap-wrap dates-dexposition\"><h3 class=\"term-tag\">Dates d'exposition<\/h3><ul class=\"simple-sitemap-post main\"><li class=\"sitemap-item\"><a href=\"https:\/\/burkhard-group.com\/fr\/berufs-info-tag-2020\/\">Berufs-Info-Tag 2020<\/a><\/li><li class=\"sitemap-item\"><a href=\"https:\/\/burkhard-group.com\/fr\/blechexpo-und-schweisstec-in-stuttgart\/\">Blechexpo und Schweisstec in Stuttgart<\/a><\/li><li class=\"sitemap-item\"><a href=\"https:\/\/burkhard-group.com\/fr\/kaufbeurer-ausbildungstag\/\">Kaufbeurer Ausbildungstag<\/a><\/li><li class=\"sitemap-item\"><a href=\"https:\/\/burkhard-group.com\/fr\/kaufbeurer-ausbildungstag-2020\/\">Kaufbeurer Ausbildungstag 2020<\/a><\/li><\/ul><\/div><div class=\"simple-sitemap-wrap presse-fr\"><h3 class=\"term-tag\">Presse<\/h3><ul class=\"simple-sitemap-post main\"><li class=\"sitemap-item\"><a href=\"https:\/\/burkhard-group.com\/fr\/ausbildung-in-der-region-unternehmen-stellen-ihre-azubis-vor\/\">Ausbildung in der Region &#8211; Unternehmen stellen ihre Azubis vor<\/a><\/li><li class=\"sitemap-item\"><a href=\"https:\/\/burkhard-group.com\/fr\/bei-burkhard-gluehen-die-maschinen\/\">Bei Burkhard gl\u00fchen die Maschinen<\/a><\/li><li class=\"sitemap-item\"><a href=\"https:\/\/burkhard-group.com\/fr\/bundestagsabgeordneter-stephan-stracke-bei-burkhard-group\/\">Bundestagsabgeordneter Stephan Stracke bei Burkhard Group<\/a><\/li><li class=\"sitemap-item\"><a href=\"https:\/\/burkhard-group.com\/fr\/burkhard-setzt-auf-verstaerkung\/\">Burkhard setzt auf Verst\u00e4rkung<\/a><\/li><li class=\"sitemap-item\"><a href=\"https:\/\/burkhard-group.com\/fr\/ein-fest-der-offenen-worte\/\">Ein Fest der offenen Worte<\/a><\/li><li class=\"sitemap-item\"><a href=\"https:\/\/burkhard-group.com\/fr\/er-war-einer-der-69-abgeschobenen\/\">Er war einer der 69 Abgeschobenen<\/a><\/li><li class=\"sitemap-item\"><a href=\"https:\/\/burkhard-group.com\/fr\/es-gab-einen-pakt-keine-arbeitskraefte-abzuschieben\/\">Es gab einen Pakt, keine Arbeitskr\u00e4fte abzuschieben<\/a><\/li><li class=\"sitemap-item\"><a href=\"https:\/\/burkhard-group.com\/fr\/familien-blicken-bei-burkhard-hinter-die-kulissen\/\">Familien blicken bei Burkhard hinter die Kulissen<\/a><\/li><li class=\"sitemap-item\"><a href=\"https:\/\/burkhard-group.com\/fr\/firmenchefin-zu-abschiebung-eine-absolute-sauerei\/\">Firmenchefin zu Abschiebung: \u00ab\u00a0Eine absolute Sauerei\u00a0\u00bb<\/a><\/li><li class=\"sitemap-item\"><a href=\"https:\/\/burkhard-group.com\/fr\/interesse-an-spruehkopf\/\">Interesse an Spr\u00fchkopf<\/a><\/li><li class=\"sitemap-item\"><a href=\"https:\/\/burkhard-group.com\/fr\/investitionen-bei-burkhard\/\">Investitionen bei Burkhard<\/a><\/li><li class=\"sitemap-item\"><a href=\"https:\/\/burkhard-group.com\/fr\/kaufbeuren-statt-barcelona\/\">Kaufbeuren statt Barcelona<\/a><\/li><li class=\"sitemap-item\"><a href=\"https:\/\/burkhard-group.com\/fr\/pressemeldung-fa-burkhard\/\">Pressemeldung Fa. Burkhard<\/a><\/li><li class=\"sitemap-item\"><a href=\"https:\/\/burkhard-group.com\/fr\/tempo-tempo\/\">Tempo, Tempo<\/a><\/li><li class=\"sitemap-item\"><a href=\"https:\/\/burkhard-group.com\/fr\/wichtig-ist-flexibilitaet\/\">Wichtig ist Flexibilit\u00e4t<\/a><\/li><li class=\"sitemap-item\"><a href=\"https:\/\/burkhard-group.com\/fr\/zimmerbuben-und-schweisserinnen\/\">Zimmerbuben und Schwei\u00dferinnen<\/a><\/li><\/ul><\/div><div class=\"simple-sitemap-wrap termine\"><h3 class=\"term-tag\">Termin\u221a\u00a9<\/h3><ul class=\"simple-sitemap-post main\"><li class=\"sitemap-item\"><a href=\"https:\/\/burkhard-group.com\/fr\/berufs-info-tag-2020\/\">Berufs-Info-Tag 2020<\/a><\/li><li class=\"sitemap-item\"><a href=\"https:\/\/burkhard-group.com\/fr\/blechexpo-und-schweisstec-in-stuttgart\/\">Blechexpo und Schweisstec in Stuttgart<\/a><\/li><li class=\"sitemap-item\"><a href=\"https:\/\/burkhard-group.com\/fr\/kaufbeurer-ausbildungstag\/\">Kaufbeurer Ausbildungstag<\/a><\/li><\/ul><\/div><\/div><br style=\"clear: both\">\n","protected":false},"excerpt":{"rendered":"<p>[vc_row][vc_column][vc_column_text]Ausbildungsmesse im Stadtsaal Kaufbeuren Datum: 20.10.2019 Uhrzeit: 10:00 Uhr &#8211; 14:00 Uhr Wo: Im Stadtsaal Kaufbeuren Der Kaufbeurer Ausbildungstag fand am 20.10.2019 von 10:00 \u2013 14:00 Uhr im Stadtsaal statt. Der Schnuppertag in den Unternehmen und Institutionen fand am Dienstag den 22.10.2019 statt. Die Vorstellung unserer Ausbildungsberufe auf dem Ausbildungstag in Kaufbeuren ist f\u00fcr BURKHARD&hellip;<\/p>\n","protected":false},"author":1,"featured_media":0,"parent":0,"menu_order":0,"comment_status":"closed","ping_status":"closed","template":"","meta":{"_lmt_disableupdate":"no","_lmt_disable":"","footnotes":""},"class_list":["post-1539","page","type-page","status-publish","hentry","category-41","description-off"],"yoast_head":"<!-- This site is optimized with the Yoast SEO plugin v26.8 - https:\/\/yoast.com\/product\/yoast-seo-wordpress\/ -->\n<title>Plan du site - BURKHARD GROUP - soudure | glow | soudure | t\u00eates de pulv\u00e9risation<\/title>\n<meta name=\"robots\" content=\"index, follow, max-snippet:-1, max-image-preview:large, max-video-preview:-1\" \/>\n<link rel=\"canonical\" href=\"https:\/\/burkhard-group.com\/sitemap\/\" \/>\n<meta property=\"og:locale\" content=\"fr_FR\" \/>\n<meta property=\"og:type\" content=\"article\" \/>\n<meta property=\"og:title\" content=\"Plan du site - BURKHARD GROUP - soudure | glow | soudure | t\u00eates de pulv\u00e9risation\" \/>\n<meta property=\"og:url\" content=\"https:\/\/burkhard-group.com\/sitemap\/\" \/>\n<meta property=\"og:site_name\" content=\"BURKHARD GROUP\" \/>\n<meta property=\"article:publisher\" content=\"https:\/\/de-de.facebook.com\/burkhardgroup\/\" \/>\n<meta property=\"article:modified_time\" content=\"2022-01-21T13:52:42+00:00\" \/>\n<meta name=\"twitter:card\" content=\"summary_large_image\" \/>\n<script type=\"application\/ld+json\" class=\"yoast-schema-graph\">{\"@context\":\"https:\/\/schema.org\",\"@graph\":[{\"@type\":\"WebPage\",\"@id\":\"https:\/\/burkhard-group.com\/sitemap\/\",\"url\":\"https:\/\/burkhard-group.com\/sitemap\/\",\"name\":\"Plan du site - BURKHARD GROUP - soudure | glow | soudure | t\u00eates de pulv\u00e9risation\",\"isPartOf\":{\"@id\":\"https:\/\/burkhard-group.com\/#website\"},\"datePublished\":\"2020-01-28T15:34:22+00:00\",\"dateModified\":\"2022-01-21T13:52:42+00:00\",\"breadcrumb\":{\"@id\":\"https:\/\/burkhard-group.com\/sitemap\/#breadcrumb\"},\"inLanguage\":\"fr-FR\",\"potentialAction\":[{\"@type\":\"ReadAction\",\"target\":[\"https:\/\/burkhard-group.com\/sitemap\/\"]}]},{\"@type\":\"BreadcrumbList\",\"@id\":\"https:\/\/burkhard-group.com\/sitemap\/#breadcrumb\",\"itemListElement\":[{\"@type\":\"ListItem\",\"position\":1,\"name\":\"Startseite\",\"item\":\"https:\/\/burkhard-group.com\/fr\/\"},{\"@type\":\"ListItem\",\"position\":2,\"name\":\"Plan du site\"}]},{\"@type\":\"WebSite\",\"@id\":\"https:\/\/burkhard-group.com\/#website\",\"url\":\"https:\/\/burkhard-group.com\/\",\"name\":\"BURKHARD GROUP\",\"description\":\"Seit 1995 l\u00f6ten, gl\u00fchen und schwei\u00dfen wir aus Leidenschaft und Tradition.\",\"publisher\":{\"@id\":\"https:\/\/burkhard-group.com\/#organization\"},\"potentialAction\":[{\"@type\":\"SearchAction\",\"target\":{\"@type\":\"EntryPoint\",\"urlTemplate\":\"https:\/\/burkhard-group.com\/?s={search_term_string}\"},\"query-input\":{\"@type\":\"PropertyValueSpecification\",\"valueRequired\":true,\"valueName\":\"search_term_string\"}}],\"inLanguage\":\"fr-FR\"},{\"@type\":\"Organization\",\"@id\":\"https:\/\/burkhard-group.com\/#organization\",\"name\":\"Burkhard Group\",\"url\":\"https:\/\/burkhard-group.com\/\",\"logo\":{\"@type\":\"ImageObject\",\"inLanguage\":\"fr-FR\",\"@id\":\"https:\/\/burkhard-group.com\/#\/schema\/logo\/image\/\",\"url\":\"https:\/\/burkhard-group.com\/wp-content\/uploads\/2019\/10\/favicon-120_burkhard-group.png\",\"contentUrl\":\"https:\/\/burkhard-group.com\/wp-content\/uploads\/2019\/10\/favicon-120_burkhard-group.png\",\"width\":120,\"height\":120,\"caption\":\"Burkhard Group\"},\"image\":{\"@id\":\"https:\/\/burkhard-group.com\/#\/schema\/logo\/image\/\"},\"sameAs\":[\"https:\/\/de-de.facebook.com\/burkhardgroup\/\",\"https:\/\/www.instagram.com\/burkhardgroup\/?hl=de\"]}]}<\/script>\n<!-- \/ Yoast SEO plugin. -->","yoast_head_json":{"title":"Plan du site - BURKHARD GROUP - soudure | glow | soudure | t\u00eates de pulv\u00e9risation","robots":{"index":"index","follow":"follow","max-snippet":"max-snippet:-1","max-image-preview":"max-image-preview:large","max-video-preview":"max-video-preview:-1"},"canonical":"https:\/\/burkhard-group.com\/sitemap\/","og_locale":"fr_FR","og_type":"article","og_title":"Plan du site - BURKHARD GROUP - soudure | glow | soudure | t\u00eates de pulv\u00e9risation","og_url":"https:\/\/burkhard-group.com\/sitemap\/","og_site_name":"BURKHARD GROUP","article_publisher":"https:\/\/de-de.facebook.com\/burkhardgroup\/","article_modified_time":"2022-01-21T13:52:42+00:00","twitter_card":"summary_large_image","schema":{"@context":"https:\/\/schema.org","@graph":[{"@type":"WebPage","@id":"https:\/\/burkhard-group.com\/sitemap\/","url":"https:\/\/burkhard-group.com\/sitemap\/","name":"Plan du site - BURKHARD GROUP - soudure | glow | soudure | t\u00eates de pulv\u00e9risation","isPartOf":{"@id":"https:\/\/burkhard-group.com\/#website"},"datePublished":"2020-01-28T15:34:22+00:00","dateModified":"2022-01-21T13:52:42+00:00","breadcrumb":{"@id":"https:\/\/burkhard-group.com\/sitemap\/#breadcrumb"},"inLanguage":"fr-FR","potentialAction":[{"@type":"ReadAction","target":["https:\/\/burkhard-group.com\/sitemap\/"]}]},{"@type":"BreadcrumbList","@id":"https:\/\/burkhard-group.com\/sitemap\/#breadcrumb","itemListElement":[{"@type":"ListItem","position":1,"name":"Startseite","item":"https:\/\/burkhard-group.com\/fr\/"},{"@type":"ListItem","position":2,"name":"Plan du site"}]},{"@type":"WebSite","@id":"https:\/\/burkhard-group.com\/#website","url":"https:\/\/burkhard-group.com\/","name":"BURKHARD GROUP","description":"Seit 1995 l\u00f6ten, gl\u00fchen und schwei\u00dfen wir aus Leidenschaft und Tradition.","publisher":{"@id":"https:\/\/burkhard-group.com\/#organization"},"potentialAction":[{"@type":"SearchAction","target":{"@type":"EntryPoint","urlTemplate":"https:\/\/burkhard-group.com\/?s={search_term_string}"},"query-input":{"@type":"PropertyValueSpecification","valueRequired":true,"valueName":"search_term_string"}}],"inLanguage":"fr-FR"},{"@type":"Organization","@id":"https:\/\/burkhard-group.com\/#organization","name":"Burkhard Group","url":"https:\/\/burkhard-group.com\/","logo":{"@type":"ImageObject","inLanguage":"fr-FR","@id":"https:\/\/burkhard-group.com\/#\/schema\/logo\/image\/","url":"https:\/\/burkhard-group.com\/wp-content\/uploads\/2019\/10\/favicon-120_burkhard-group.png","contentUrl":"https:\/\/burkhard-group.com\/wp-content\/uploads\/2019\/10\/favicon-120_burkhard-group.png","width":120,"height":120,"caption":"Burkhard Group"},"image":{"@id":"https:\/\/burkhard-group.com\/#\/schema\/logo\/image\/"},"sameAs":["https:\/\/de-de.facebook.com\/burkhardgroup\/","https:\/\/www.instagram.com\/burkhardgroup\/?hl=de"]}]}},"_links":{"self":[{"href":"https:\/\/burkhard-group.com\/fr\/wp-json\/wp\/v2\/pages\/1539","targetHints":{"allow":["GET"]}}],"collection":[{"href":"https:\/\/burkhard-group.com\/fr\/wp-json\/wp\/v2\/pages"}],"about":[{"href":"https:\/\/burkhard-group.com\/fr\/wp-json\/wp\/v2\/types\/page"}],"author":[{"embeddable":true,"href":"https:\/\/burkhard-group.com\/fr\/wp-json\/wp\/v2\/users\/1"}],"replies":[{"embeddable":true,"href":"https:\/\/burkhard-group.com\/fr\/wp-json\/wp\/v2\/comments?post=1539"}],"version-history":[{"count":1,"href":"https:\/\/burkhard-group.com\/fr\/wp-json\/wp\/v2\/pages\/1539\/revisions"}],"predecessor-version":[{"id":1684,"href":"https:\/\/burkhard-group.com\/fr\/wp-json\/wp\/v2\/pages\/1539\/revisions\/1684"}],"wp:attachment":[{"href":"https:\/\/burkhard-group.com\/fr\/wp-json\/wp\/v2\/media?parent=1539"}],"curies":[{"name":"wp","href":"https:\/\/api.w.org\/{rel}","templated":true}]}}