{"id":1660,"date":"2020-01-31T11:23:52","date_gmt":"2020-01-31T10:23:52","guid":{"rendered":"http:\/\/burkhard-group.com\/impressum\/"},"modified":"2026-02-09T12:34:54","modified_gmt":"2026-02-09T11:34:54","slug":"imprint","status":"publish","type":"page","link":"https:\/\/burkhard-group.com\/en\/imprint\/","title":{"rendered":"Imprint"},"content":{"rendered":"<div class=\"wpb-content-wrapper\"><p>[vc_row][vc_column][vc_column_text css=&#8221;.vc_custom_1571064403535{margin-top: 30px !important;}&#8221;]<\/p>\n<h2>Firmen der Burkhard Group<\/h2>\n<p>[\/vc_column_text][\/vc_column][\/vc_row][vc_row][vc_column width=&#8221;1\/3&#8243;][vc_single_image image=&#8221;10000083&#8243; css=&#8221;.vc_custom_1571064469787{margin-bottom: 15px !important;}&#8221;][vc_column_text]<strong>L\u00f6ttechnik Burkhard GmbH &amp; Co. KG<\/strong><br \/>\n<strong>Julius-Probst-Stra\u00dfe 9<\/strong><br \/>\n<strong>D-87600 Kaufbeuren<\/strong><\/p>\n<p>Tel.:+49 (0)8341 966884-44<br \/>\nFax: +49 (0)8341 966884-55<\/p>\n<p>Web: <a href=\"http:\/\/www.loettechnik-burkhard.de\" target=\"_blank\" rel=\"noopener noreferrer\">www.loettechnik-burkhard.de<\/a><br \/>\nE-Mail: <a href=\"mailto:loettechnik@burkhard-group.com\">loettechnik@burkhard-group.com<\/a><\/p>\n<p>Registergericht: Kempten HRA 1822<br \/>\nPers\u00f6nlich haftende Gesellschafterin: Burkhard GmbH mit Sitz in Kaufbeuren<\/p>\n<p>Gesch\u00e4ftsf\u00fchrer: J\u00fcrgen Burkhard, Christian Reichert<br \/>\nRegistergericht: Kempten HRB 7324<\/p>\n<p>Ust-Id-Nr.: DE 213264816[\/vc_column_text][\/vc_column][vc_column width=&#8221;1\/3&#8243;][vc_single_image image=&#8221;10000087&#8243; css=&#8221;.vc_custom_1571064478777{margin-bottom: 15px !important;}&#8221;][vc_column_text]<strong>Schwei\u00dftechnik Burkhard GmbH<\/strong><br \/>\n<strong>Julius-Probst-Stra\u00dfe 7<\/strong><br \/>\n<strong>D-87600 Kaufbeuren<\/strong><\/p>\n<p>Tel.: +49 (0)8341 908489-0<br \/>\nFax: +49 (0)8341 908489-11<\/p>\n<p>Web: <a href=\"http:\/\/www.schweisstechnik-burkhard.de\" target=\"_blank\" rel=\"noopener noreferrer\">www.schweisstechnik-burkhard.de<\/a><br \/>\nE-Mail: <a href=\"mailto:schweisstechnik@burkhard-group.com\">schweisstechnik@burkhard-group.com<\/a><\/p>\n<p>Gesch\u00e4ftsf\u00fchrer: J\u00fcrgen Burkhard, Christian Reichert<br \/>\nRegistergericht: Kempten HRB 9912, Sitz Kaufbeuren<\/p>\n<p>Ust-Id-Nr.: DE 260890384<br \/>\nSteuernummer: 125\/138\/90204, Finanzamt Kaufbeuren<br \/>\nZertifiziert nach: DIN EN ISO 9001:2008[\/vc_column_text][\/vc_column][vc_column width=&#8221;1\/3&#8243;][vc_single_image image=&#8221;10000091&#8243; css=&#8221;.vc_custom_1571064488454{margin-bottom: 15px !important;}&#8221;][vc_column_text]<strong>Burkhard Vertriebs GmbH<\/strong><br \/>\n<strong>Julius-Probst-Stra\u00dfe 7<\/strong><br \/>\n<strong>D-87600 Kaufbeuren<\/strong><\/p>\n<p>Tel.:+49 (0)8341 908489-89<br \/>\nFax: +49 (0)8341 908489-90<br \/>\nWeb: <a href=\"http:\/\/www.spruehkopf.com\" target=\"_blank\" rel=\"noopener noreferrer\">www.spruehkopf.com<\/a><br \/>\nE-Mail: <a href=\"mailto:info@spruehkopf.com\">info@spruehkopf.com<\/a><\/p>\n<p>Gesch\u00e4ftsf\u00fchrer: Tanja Burkhard, J\u00fcrgen Burkhard, Christian Reichert<\/p>\n<p>Registergericht: Kempten HRB 11221<br \/>\nUst-Id-Nr.: DE 279309607, Finanzamt Kaufbeuren[\/vc_column_text][\/vc_column][\/vc_row]<\/p>\n<\/div>","protected":false},"excerpt":{"rendered":"<p>[vc_row][vc_column][vc_column_text css=&#8221;.vc_custom_1571064403535{margin-top: 30px !important;}&#8221;] Firmen der Burkhard Group [\/vc_column_text][\/vc_column][\/vc_row][vc_row][vc_column width=&#8221;1\/3&#8243;][vc_single_image image=&#8221;10000083&#8243; css=&#8221;.vc_custom_1571064469787{margin-bottom: 15px !important;}&#8221;][vc_column_text]L\u00f6ttechnik Burkhard GmbH &amp; Co. KG Julius-Probst-Stra\u00dfe 9 D-87600 Kaufbeuren Tel.:+49 (0)8341 966884-44 Fax: +49 (0)8341 966884-55 Web: www.loettechnik-burkhard.de E-Mail: loettechnik@burkhard-group.com Registergericht: Kempten HRA 1822 Pers\u00f6nlich haftende Gesellschafterin: Burkhard GmbH mit Sitz in Kaufbeuren Gesch\u00e4ftsf\u00fchrer: J\u00fcrgen Burkhard, Christian Reichert Registergericht: Kempten HRB&hellip;<\/p>\n","protected":false},"author":1,"featured_media":0,"parent":0,"menu_order":0,"comment_status":"closed","ping_status":"open","template":"","meta":{"_lmt_disableupdate":"no","_lmt_disable":"","footnotes":""},"class_list":["post-1660","page","type-page","status-publish","hentry","description-off"],"yoast_head":"<!-- This site is optimized with the Yoast SEO plugin v26.8 - https:\/\/yoast.com\/product\/yoast-seo-wordpress\/ -->\n<title>Imprint | BURKHARD GROUP \u2013 Legal notice &amp; company details<\/title>\n<meta name=\"description\" content=\"Imprint: legal notice with addresses, management, registers, VAT IDs and contacts for BURKHARD GROUP companies. Clear &amp; compliant - read it now in one place.\" \/>\n<meta name=\"robots\" content=\"index, follow, max-snippet:-1, max-image-preview:large, max-video-preview:-1\" \/>\n<link rel=\"canonical\" href=\"https:\/\/burkhard-group.com\/en\/imprint\/\" \/>\n<meta property=\"og:locale\" content=\"en_US\" \/>\n<meta property=\"og:type\" content=\"article\" \/>\n<meta property=\"og:title\" content=\"Imprint | BURKHARD GROUP \u2013 Legal notice &amp; company details\" \/>\n<meta property=\"og:description\" content=\"Imprint: legal notice with addresses, management, registers, VAT IDs and contacts for BURKHARD GROUP companies. Clear &amp; compliant - read it now in one place.\" \/>\n<meta property=\"og:url\" content=\"https:\/\/burkhard-group.com\/en\/imprint\/\" \/>\n<meta property=\"og:site_name\" content=\"BURKHARD GROUP\" \/>\n<meta property=\"article:publisher\" content=\"https:\/\/de-de.facebook.com\/burkhardgroup\/\" \/>\n<meta property=\"article:modified_time\" content=\"2026-02-09T11:34:54+00:00\" \/>\n<meta name=\"twitter:card\" content=\"summary_large_image\" \/>\n<meta name=\"twitter:label1\" content=\"Est. reading time\" \/>\n\t<meta name=\"twitter:data1\" content=\"1 minute\" \/>\n<script type=\"application\/ld+json\" class=\"yoast-schema-graph\">{\"@context\":\"https:\/\/schema.org\",\"@graph\":[{\"@type\":\"WebPage\",\"@id\":\"https:\/\/burkhard-group.com\/en\/imprint\/\",\"url\":\"https:\/\/burkhard-group.com\/en\/imprint\/\",\"name\":\"Imprint | BURKHARD GROUP \u2013 Legal notice & company details\",\"isPartOf\":{\"@id\":\"https:\/\/burkhard-group.com\/#website\"},\"datePublished\":\"2020-01-31T10:23:52+00:00\",\"dateModified\":\"2026-02-09T11:34:54+00:00\",\"description\":\"Imprint: legal notice with addresses, management, registers, VAT IDs and contacts for BURKHARD GROUP companies. Clear & compliant - read it now in one place.\",\"breadcrumb\":{\"@id\":\"https:\/\/burkhard-group.com\/en\/imprint\/#breadcrumb\"},\"inLanguage\":\"en-US\",\"potentialAction\":[{\"@type\":\"ReadAction\",\"target\":[\"https:\/\/burkhard-group.com\/en\/imprint\/\"]}]},{\"@type\":\"BreadcrumbList\",\"@id\":\"https:\/\/burkhard-group.com\/en\/imprint\/#breadcrumb\",\"itemListElement\":[{\"@type\":\"ListItem\",\"position\":1,\"name\":\"Startseite\",\"item\":\"https:\/\/burkhard-group.com\/en\/\"},{\"@type\":\"ListItem\",\"position\":2,\"name\":\"Imprint\"}]},{\"@type\":\"WebSite\",\"@id\":\"https:\/\/burkhard-group.com\/#website\",\"url\":\"https:\/\/burkhard-group.com\/\",\"name\":\"BURKHARD GROUP\",\"description\":\"Seit 1995 l\u00f6ten, gl\u00fchen und schwei\u00dfen wir aus Leidenschaft und Tradition.\",\"publisher\":{\"@id\":\"https:\/\/burkhard-group.com\/#organization\"},\"potentialAction\":[{\"@type\":\"SearchAction\",\"target\":{\"@type\":\"EntryPoint\",\"urlTemplate\":\"https:\/\/burkhard-group.com\/?s={search_term_string}\"},\"query-input\":{\"@type\":\"PropertyValueSpecification\",\"valueRequired\":true,\"valueName\":\"search_term_string\"}}],\"inLanguage\":\"en-US\"},{\"@type\":\"Organization\",\"@id\":\"https:\/\/burkhard-group.com\/#organization\",\"name\":\"Burkhard Group\",\"url\":\"https:\/\/burkhard-group.com\/\",\"logo\":{\"@type\":\"ImageObject\",\"inLanguage\":\"en-US\",\"@id\":\"https:\/\/burkhard-group.com\/#\/schema\/logo\/image\/\",\"url\":\"https:\/\/burkhard-group.com\/wp-content\/uploads\/2019\/10\/favicon-120_burkhard-group.png\",\"contentUrl\":\"https:\/\/burkhard-group.com\/wp-content\/uploads\/2019\/10\/favicon-120_burkhard-group.png\",\"width\":120,\"height\":120,\"caption\":\"Burkhard Group\"},\"image\":{\"@id\":\"https:\/\/burkhard-group.com\/#\/schema\/logo\/image\/\"},\"sameAs\":[\"https:\/\/de-de.facebook.com\/burkhardgroup\/\",\"https:\/\/www.instagram.com\/burkhardgroup\/?hl=de\"]}]}<\/script>\n<!-- \/ Yoast SEO plugin. -->","yoast_head_json":{"title":"Imprint | BURKHARD GROUP \u2013 Legal notice & company details","description":"Imprint: legal notice with addresses, management, registers, VAT IDs and contacts for BURKHARD GROUP companies. Clear & compliant - read it now in one place.","robots":{"index":"index","follow":"follow","max-snippet":"max-snippet:-1","max-image-preview":"max-image-preview:large","max-video-preview":"max-video-preview:-1"},"canonical":"https:\/\/burkhard-group.com\/en\/imprint\/","og_locale":"en_US","og_type":"article","og_title":"Imprint | BURKHARD GROUP \u2013 Legal notice & company details","og_description":"Imprint: legal notice with addresses, management, registers, VAT IDs and contacts for BURKHARD GROUP companies. Clear & compliant - read it now in one place.","og_url":"https:\/\/burkhard-group.com\/en\/imprint\/","og_site_name":"BURKHARD GROUP","article_publisher":"https:\/\/de-de.facebook.com\/burkhardgroup\/","article_modified_time":"2026-02-09T11:34:54+00:00","twitter_card":"summary_large_image","twitter_misc":{"Est. reading time":"1 minute"},"schema":{"@context":"https:\/\/schema.org","@graph":[{"@type":"WebPage","@id":"https:\/\/burkhard-group.com\/en\/imprint\/","url":"https:\/\/burkhard-group.com\/en\/imprint\/","name":"Imprint | BURKHARD GROUP \u2013 Legal notice & company details","isPartOf":{"@id":"https:\/\/burkhard-group.com\/#website"},"datePublished":"2020-01-31T10:23:52+00:00","dateModified":"2026-02-09T11:34:54+00:00","description":"Imprint: legal notice with addresses, management, registers, VAT IDs and contacts for BURKHARD GROUP companies. Clear & compliant - read it now in one place.","breadcrumb":{"@id":"https:\/\/burkhard-group.com\/en\/imprint\/#breadcrumb"},"inLanguage":"en-US","potentialAction":[{"@type":"ReadAction","target":["https:\/\/burkhard-group.com\/en\/imprint\/"]}]},{"@type":"BreadcrumbList","@id":"https:\/\/burkhard-group.com\/en\/imprint\/#breadcrumb","itemListElement":[{"@type":"ListItem","position":1,"name":"Startseite","item":"https:\/\/burkhard-group.com\/en\/"},{"@type":"ListItem","position":2,"name":"Imprint"}]},{"@type":"WebSite","@id":"https:\/\/burkhard-group.com\/#website","url":"https:\/\/burkhard-group.com\/","name":"BURKHARD GROUP","description":"Seit 1995 l\u00f6ten, gl\u00fchen und schwei\u00dfen wir aus Leidenschaft und Tradition.","publisher":{"@id":"https:\/\/burkhard-group.com\/#organization"},"potentialAction":[{"@type":"SearchAction","target":{"@type":"EntryPoint","urlTemplate":"https:\/\/burkhard-group.com\/?s={search_term_string}"},"query-input":{"@type":"PropertyValueSpecification","valueRequired":true,"valueName":"search_term_string"}}],"inLanguage":"en-US"},{"@type":"Organization","@id":"https:\/\/burkhard-group.com\/#organization","name":"Burkhard Group","url":"https:\/\/burkhard-group.com\/","logo":{"@type":"ImageObject","inLanguage":"en-US","@id":"https:\/\/burkhard-group.com\/#\/schema\/logo\/image\/","url":"https:\/\/burkhard-group.com\/wp-content\/uploads\/2019\/10\/favicon-120_burkhard-group.png","contentUrl":"https:\/\/burkhard-group.com\/wp-content\/uploads\/2019\/10\/favicon-120_burkhard-group.png","width":120,"height":120,"caption":"Burkhard Group"},"image":{"@id":"https:\/\/burkhard-group.com\/#\/schema\/logo\/image\/"},"sameAs":["https:\/\/de-de.facebook.com\/burkhardgroup\/","https:\/\/www.instagram.com\/burkhardgroup\/?hl=de"]}]}},"_links":{"self":[{"href":"https:\/\/burkhard-group.com\/en\/wp-json\/wp\/v2\/pages\/1660","targetHints":{"allow":["GET"]}}],"collection":[{"href":"https:\/\/burkhard-group.com\/en\/wp-json\/wp\/v2\/pages"}],"about":[{"href":"https:\/\/burkhard-group.com\/en\/wp-json\/wp\/v2\/types\/page"}],"author":[{"embeddable":true,"href":"https:\/\/burkhard-group.com\/en\/wp-json\/wp\/v2\/users\/1"}],"replies":[{"embeddable":true,"href":"https:\/\/burkhard-group.com\/en\/wp-json\/wp\/v2\/comments?post=1660"}],"version-history":[{"count":3,"href":"https:\/\/burkhard-group.com\/en\/wp-json\/wp\/v2\/pages\/1660\/revisions"}],"predecessor-version":[{"id":1676,"href":"https:\/\/burkhard-group.com\/en\/wp-json\/wp\/v2\/pages\/1660\/revisions\/1676"}],"wp:attachment":[{"href":"https:\/\/burkhard-group.com\/en\/wp-json\/wp\/v2\/media?parent=1660"}],"curies":[{"name":"wp","href":"https:\/\/api.w.org\/{rel}","templated":true}]}}