{"id":1527,"date":"2020-01-28T16:31:54","date_gmt":"2020-01-28T15:31:54","guid":{"rendered":"http:\/\/burkhard-group.com\/sitemap\/"},"modified":"2022-01-21T14:47:42","modified_gmt":"2022-01-21T13:47:42","slug":"sitemap","status":"publish","type":"page","link":"https:\/\/burkhard-group.com\/en\/sitemap\/","title":{"rendered":"Sitemap"},"content":{"rendered":"<div id=\"simple-sitemap-container-69f41d803d939\" class=\"simple-sitemap-container simple-sitemap-container-69f41d803d939 tab-disabled\"><div class=\"simple-sitemap-wrap\"><h3 class=\"post-type\">Pages<\/h3><ul class=\"simple-sitemap-page main\"><li class=\"sitemap-item page_item page-item-1521\"><a href=\"https:\/\/burkhard-group.com\/en\/about-us\/\">About us<\/a><\/li>\n<li class=\"sitemap-item page_item page-item-1644\"><a href=\"https:\/\/burkhard-group.com\/en\/careers\/\">Careers<\/a><\/li>\n<li class=\"sitemap-item page_item page-item-1528\"><a href=\"https:\/\/burkhard-group.com\/en\/contact\/\">Contact<\/a><\/li>\n<li class=\"sitemap-item page_item page-item-1517\"><a href=\"https:\/\/burkhard-group.com\/en\/\">Home<\/a><\/li>\n<li class=\"sitemap-item page_item page-item-1660\"><a href=\"https:\/\/burkhard-group.com\/en\/imprint\/\">Imprint<\/a><\/li>\n<li class=\"sitemap-item page_item page-item-1693\"><a href=\"https:\/\/burkhard-group.com\/en\/news-press\/\">News &amp; Press<\/a><\/li>\n<li class=\"sitemap-item page_item page-item-1664\"><a href=\"https:\/\/burkhard-group.com\/en\/privacy\/\">Privacy<\/a><\/li>\n<li class=\"sitemap-item page_item page-item-2048\"><a href=\"https:\/\/burkhard-group.com\/en\/privacy-policy\/\">Privacy Policy<\/a><\/li>\n<li class=\"sitemap-item page_item page-item-1525\"><a href=\"https:\/\/burkhard-group.com\/en\/search-results\/\">Search results<\/a><\/li>\n<li class=\"sitemap-item page_item page-item-1527\"><a href=\"https:\/\/burkhard-group.com\/en\/sitemap\/\">Sitemap<\/a><\/li>\n<li class=\"sitemap-item page_item page-item-1699\"><a href=\"https:\/\/burkhard-group.com\/en\/trade-fair-dates\/\">Trade-Fair-Dates<\/a><\/li>\n<\/ul><\/div><\/div><br style=\"clear: both;\">\n<div id=\"simple-sitemap-container-69f41d80449e7\" class=\"simple-sitemap-container simple-sitemap-container-69f41d80449e7\"><h3 class=\"post-type\">Posts<\/h3><div class=\"simple-sitemap-wrap burkhard-inside-en\"><h3 class=\"term-tag\">Burkhard Inside<\/h3><ul class=\"simple-sitemap-post main\"><li class=\"sitemap-item\"><a href=\"https:\/\/burkhard-group.com\/en\/burkhard-service-plus\/\">Jetzt NEU &#8211; BURKHARD Service Plus<\/a><\/li><\/ul><\/div><div class=\"simple-sitemap-wrap finished\"><h3 class=\"term-tag\">Finished<\/h3><ul class=\"simple-sitemap-post main\"><li class=\"sitemap-item\"><a href=\"https:\/\/burkhard-group.com\/en\/berufs-info-tag-2020\/\">Berufs-Info-Tag 2020<\/a><\/li><li class=\"sitemap-item\"><a href=\"https:\/\/burkhard-group.com\/en\/blechexpo-und-schweisstec-in-stuttgart\/\">Blechexpo und Schweisstec in Stuttgart<\/a><\/li><li class=\"sitemap-item\"><a href=\"https:\/\/burkhard-group.com\/en\/kaufbeurer-ausbildungstag\/\">Kaufbeurer Ausbildungstag<\/a><\/li><\/ul><\/div><div class=\"simple-sitemap-wrap forthcoming\"><h3 class=\"term-tag\">Forthcoming<\/h3><ul class=\"simple-sitemap-post main\"><li class=\"sitemap-item\"><a href=\"https:\/\/burkhard-group.com\/en\/kaufbeurer-ausbildungstag-2020\/\">Kaufbeurer Ausbildungstag 2020<\/a><\/li><\/ul><\/div><div class=\"simple-sitemap-wrap news-en\"><h3 class=\"term-tag\">News<\/h3><ul class=\"simple-sitemap-post main\"><li class=\"sitemap-item\"><a href=\"https:\/\/burkhard-group.com\/en\/burkhard-service-plus\/\">Jetzt NEU &#8211; BURKHARD Service Plus<\/a><\/li><\/ul><\/div><div class=\"simple-sitemap-wrap press\"><h3 class=\"term-tag\">Press<\/h3><ul class=\"simple-sitemap-post main\"><li class=\"sitemap-item\"><a href=\"https:\/\/burkhard-group.com\/en\/ausbildung-in-der-region-unternehmen-stellen-ihre-azubis-vor\/\">Ausbildung in der Region &#8211; Unternehmen stellen ihre Azubis vor<\/a><\/li><li class=\"sitemap-item\"><a href=\"https:\/\/burkhard-group.com\/en\/bei-burkhard-gluehen-die-maschinen\/\">Bei Burkhard gl\u00fchen die Maschinen<\/a><\/li><li class=\"sitemap-item\"><a href=\"https:\/\/burkhard-group.com\/en\/bundestagsabgeordneter-stephan-stracke-bei-burkhard-group\/\">Bundestagsabgeordneter Stephan Stracke bei Burkhard Group<\/a><\/li><li class=\"sitemap-item\"><a href=\"https:\/\/burkhard-group.com\/en\/burkhard-setzt-auf-verstaerkung\/\">Burkhard setzt auf Verst\u00e4rkung<\/a><\/li><li class=\"sitemap-item\"><a href=\"https:\/\/burkhard-group.com\/en\/ein-fest-der-offenen-worte\/\">Ein Fest der offenen Worte<\/a><\/li><li class=\"sitemap-item\"><a href=\"https:\/\/burkhard-group.com\/en\/er-war-einer-der-69-abgeschobenen\/\">Er war einer der 69 Abgeschobenen<\/a><\/li><li class=\"sitemap-item\"><a href=\"https:\/\/burkhard-group.com\/en\/es-gab-einen-pakt-keine-arbeitskraefte-abzuschieben\/\">Es gab einen Pakt, keine Arbeitskr\u00e4fte abzuschieben<\/a><\/li><li class=\"sitemap-item\"><a href=\"https:\/\/burkhard-group.com\/en\/familien-blicken-bei-burkhard-hinter-die-kulissen\/\">Familien blicken bei Burkhard hinter die Kulissen<\/a><\/li><li class=\"sitemap-item\"><a href=\"https:\/\/burkhard-group.com\/en\/firmenchefin-zu-abschiebung-eine-absolute-sauerei\/\">Firmenchefin zu Abschiebung: &#8220;Eine absolute Sauerei&#8221;<\/a><\/li><li class=\"sitemap-item\"><a href=\"https:\/\/burkhard-group.com\/en\/interesse-an-spruehkopf\/\">Interesse an Spr\u00fchkopf<\/a><\/li><li class=\"sitemap-item\"><a href=\"https:\/\/burkhard-group.com\/en\/investitionen-bei-burkhard\/\">Investitionen bei Burkhard<\/a><\/li><li class=\"sitemap-item\"><a href=\"https:\/\/burkhard-group.com\/en\/kaufbeuren-statt-barcelona\/\">Kaufbeuren statt Barcelona<\/a><\/li><li class=\"sitemap-item\"><a href=\"https:\/\/burkhard-group.com\/en\/pressemeldung-fa-burkhard\/\">Pressemeldung Fa. Burkhard<\/a><\/li><li class=\"sitemap-item\"><a href=\"https:\/\/burkhard-group.com\/en\/tempo-tempo\/\">Tempo, Tempo<\/a><\/li><li class=\"sitemap-item\"><a href=\"https:\/\/burkhard-group.com\/en\/wichtig-ist-flexibilitaet\/\">Wichtig ist Flexibilit\u00e4t<\/a><\/li><li class=\"sitemap-item\"><a href=\"https:\/\/burkhard-group.com\/en\/zimmerbuben-und-schweisserinnen\/\">Zimmerbuben und Schwei\u00dferinnen<\/a><\/li><\/ul><\/div><div class=\"simple-sitemap-wrap trade-fairs\"><h3 class=\"term-tag\">Trade Fairs<\/h3><ul class=\"simple-sitemap-post main\"><li class=\"sitemap-item\"><a href=\"https:\/\/burkhard-group.com\/en\/berufs-info-tag-2020\/\">Berufs-Info-Tag 2020<\/a><\/li><li class=\"sitemap-item\"><a href=\"https:\/\/burkhard-group.com\/en\/blechexpo-und-schweisstec-in-stuttgart\/\">Blechexpo und Schweisstec in Stuttgart<\/a><\/li><li class=\"sitemap-item\"><a href=\"https:\/\/burkhard-group.com\/en\/kaufbeurer-ausbildungstag\/\">Kaufbeurer Ausbildungstag<\/a><\/li><li class=\"sitemap-item\"><a href=\"https:\/\/burkhard-group.com\/en\/kaufbeurer-ausbildungstag-2020\/\">Kaufbeurer Ausbildungstag 2020<\/a><\/li><\/ul><\/div><\/div><br style=\"clear: both\">\n","protected":false},"excerpt":{"rendered":"<p>[vc_row][vc_column][vc_column_text]Datum: 23.05.2020 Uhrzeit: 10:00 Uhr &#8211; 14:00 Uhr Wo: Erdgas Schwaben Arena Kaufbeuren Auch in diesem Jahr sind wir wieder auf dem Kaufbeurer Ausbildungstag vertreten. Dieser findet in diesem Jahr schon am 23.05.2020 in der Erdgas Schwaben Arena, Bahnhofstr. 18 in Kaufbeuren statt. Wir werden dort mit unseren Auszubildenden und Ausbildern vor Ort sein. &nbsp;&hellip;<\/p>\n","protected":false},"author":1,"featured_media":0,"parent":0,"menu_order":0,"comment_status":"closed","ping_status":"closed","template":"","meta":{"_lmt_disableupdate":"no","_lmt_disable":"","footnotes":""},"class_list":["post-1527","page","type-page","status-publish","hentry","category-38","description-off"],"yoast_head":"<!-- This site is optimized with the Yoast SEO plugin v26.8 - https:\/\/yoast.com\/product\/yoast-seo-wordpress\/ -->\n<title>Sitemap - BURKHARD GROUP - soldering | glowing | welding | spray balls<\/title>\n<meta name=\"robots\" content=\"index, follow, max-snippet:-1, max-image-preview:large, max-video-preview:-1\" \/>\n<link rel=\"canonical\" href=\"https:\/\/burkhard-group.com\/sitemap\/\" \/>\n<meta property=\"og:locale\" content=\"en_US\" \/>\n<meta property=\"og:type\" content=\"article\" \/>\n<meta property=\"og:title\" content=\"Sitemap - BURKHARD GROUP - soldering | glowing | welding | spray balls\" \/>\n<meta property=\"og:url\" content=\"https:\/\/burkhard-group.com\/sitemap\/\" \/>\n<meta property=\"og:site_name\" content=\"BURKHARD GROUP\" \/>\n<meta property=\"article:publisher\" content=\"https:\/\/de-de.facebook.com\/burkhardgroup\/\" \/>\n<meta property=\"article:modified_time\" content=\"2022-01-21T13:47:42+00:00\" \/>\n<meta name=\"twitter:card\" content=\"summary_large_image\" \/>\n<script type=\"application\/ld+json\" class=\"yoast-schema-graph\">{\"@context\":\"https:\/\/schema.org\",\"@graph\":[{\"@type\":\"WebPage\",\"@id\":\"https:\/\/burkhard-group.com\/sitemap\/\",\"url\":\"https:\/\/burkhard-group.com\/sitemap\/\",\"name\":\"Sitemap - BURKHARD GROUP - soldering | glowing | welding | spray balls\",\"isPartOf\":{\"@id\":\"https:\/\/burkhard-group.com\/#website\"},\"datePublished\":\"2020-01-28T15:31:54+00:00\",\"dateModified\":\"2022-01-21T13:47:42+00:00\",\"breadcrumb\":{\"@id\":\"https:\/\/burkhard-group.com\/sitemap\/#breadcrumb\"},\"inLanguage\":\"en-US\",\"potentialAction\":[{\"@type\":\"ReadAction\",\"target\":[\"https:\/\/burkhard-group.com\/sitemap\/\"]}]},{\"@type\":\"BreadcrumbList\",\"@id\":\"https:\/\/burkhard-group.com\/sitemap\/#breadcrumb\",\"itemListElement\":[{\"@type\":\"ListItem\",\"position\":1,\"name\":\"Startseite\",\"item\":\"https:\/\/burkhard-group.com\/en\/\"},{\"@type\":\"ListItem\",\"position\":2,\"name\":\"Sitemap\"}]},{\"@type\":\"WebSite\",\"@id\":\"https:\/\/burkhard-group.com\/#website\",\"url\":\"https:\/\/burkhard-group.com\/\",\"name\":\"BURKHARD GROUP\",\"description\":\"Seit 1995 l\u00f6ten, gl\u00fchen und schwei\u00dfen wir aus Leidenschaft und Tradition.\",\"publisher\":{\"@id\":\"https:\/\/burkhard-group.com\/#organization\"},\"potentialAction\":[{\"@type\":\"SearchAction\",\"target\":{\"@type\":\"EntryPoint\",\"urlTemplate\":\"https:\/\/burkhard-group.com\/?s={search_term_string}\"},\"query-input\":{\"@type\":\"PropertyValueSpecification\",\"valueRequired\":true,\"valueName\":\"search_term_string\"}}],\"inLanguage\":\"en-US\"},{\"@type\":\"Organization\",\"@id\":\"https:\/\/burkhard-group.com\/#organization\",\"name\":\"Burkhard Group\",\"url\":\"https:\/\/burkhard-group.com\/\",\"logo\":{\"@type\":\"ImageObject\",\"inLanguage\":\"en-US\",\"@id\":\"https:\/\/burkhard-group.com\/#\/schema\/logo\/image\/\",\"url\":\"https:\/\/burkhard-group.com\/wp-content\/uploads\/2019\/10\/favicon-120_burkhard-group.png\",\"contentUrl\":\"https:\/\/burkhard-group.com\/wp-content\/uploads\/2019\/10\/favicon-120_burkhard-group.png\",\"width\":120,\"height\":120,\"caption\":\"Burkhard Group\"},\"image\":{\"@id\":\"https:\/\/burkhard-group.com\/#\/schema\/logo\/image\/\"},\"sameAs\":[\"https:\/\/de-de.facebook.com\/burkhardgroup\/\",\"https:\/\/www.instagram.com\/burkhardgroup\/?hl=de\"]}]}<\/script>\n<!-- \/ Yoast SEO plugin. -->","yoast_head_json":{"title":"Sitemap - BURKHARD GROUP - soldering | glowing | welding | spray balls","robots":{"index":"index","follow":"follow","max-snippet":"max-snippet:-1","max-image-preview":"max-image-preview:large","max-video-preview":"max-video-preview:-1"},"canonical":"https:\/\/burkhard-group.com\/sitemap\/","og_locale":"en_US","og_type":"article","og_title":"Sitemap - BURKHARD GROUP - soldering | glowing | welding | spray balls","og_url":"https:\/\/burkhard-group.com\/sitemap\/","og_site_name":"BURKHARD GROUP","article_publisher":"https:\/\/de-de.facebook.com\/burkhardgroup\/","article_modified_time":"2022-01-21T13:47:42+00:00","twitter_card":"summary_large_image","schema":{"@context":"https:\/\/schema.org","@graph":[{"@type":"WebPage","@id":"https:\/\/burkhard-group.com\/sitemap\/","url":"https:\/\/burkhard-group.com\/sitemap\/","name":"Sitemap - BURKHARD GROUP - soldering | glowing | welding | spray balls","isPartOf":{"@id":"https:\/\/burkhard-group.com\/#website"},"datePublished":"2020-01-28T15:31:54+00:00","dateModified":"2022-01-21T13:47:42+00:00","breadcrumb":{"@id":"https:\/\/burkhard-group.com\/sitemap\/#breadcrumb"},"inLanguage":"en-US","potentialAction":[{"@type":"ReadAction","target":["https:\/\/burkhard-group.com\/sitemap\/"]}]},{"@type":"BreadcrumbList","@id":"https:\/\/burkhard-group.com\/sitemap\/#breadcrumb","itemListElement":[{"@type":"ListItem","position":1,"name":"Startseite","item":"https:\/\/burkhard-group.com\/en\/"},{"@type":"ListItem","position":2,"name":"Sitemap"}]},{"@type":"WebSite","@id":"https:\/\/burkhard-group.com\/#website","url":"https:\/\/burkhard-group.com\/","name":"BURKHARD GROUP","description":"Seit 1995 l\u00f6ten, gl\u00fchen und schwei\u00dfen wir aus Leidenschaft und Tradition.","publisher":{"@id":"https:\/\/burkhard-group.com\/#organization"},"potentialAction":[{"@type":"SearchAction","target":{"@type":"EntryPoint","urlTemplate":"https:\/\/burkhard-group.com\/?s={search_term_string}"},"query-input":{"@type":"PropertyValueSpecification","valueRequired":true,"valueName":"search_term_string"}}],"inLanguage":"en-US"},{"@type":"Organization","@id":"https:\/\/burkhard-group.com\/#organization","name":"Burkhard Group","url":"https:\/\/burkhard-group.com\/","logo":{"@type":"ImageObject","inLanguage":"en-US","@id":"https:\/\/burkhard-group.com\/#\/schema\/logo\/image\/","url":"https:\/\/burkhard-group.com\/wp-content\/uploads\/2019\/10\/favicon-120_burkhard-group.png","contentUrl":"https:\/\/burkhard-group.com\/wp-content\/uploads\/2019\/10\/favicon-120_burkhard-group.png","width":120,"height":120,"caption":"Burkhard Group"},"image":{"@id":"https:\/\/burkhard-group.com\/#\/schema\/logo\/image\/"},"sameAs":["https:\/\/de-de.facebook.com\/burkhardgroup\/","https:\/\/www.instagram.com\/burkhardgroup\/?hl=de"]}]}},"_links":{"self":[{"href":"https:\/\/burkhard-group.com\/en\/wp-json\/wp\/v2\/pages\/1527","targetHints":{"allow":["GET"]}}],"collection":[{"href":"https:\/\/burkhard-group.com\/en\/wp-json\/wp\/v2\/pages"}],"about":[{"href":"https:\/\/burkhard-group.com\/en\/wp-json\/wp\/v2\/types\/page"}],"author":[{"embeddable":true,"href":"https:\/\/burkhard-group.com\/en\/wp-json\/wp\/v2\/users\/1"}],"replies":[{"embeddable":true,"href":"https:\/\/burkhard-group.com\/en\/wp-json\/wp\/v2\/comments?post=1527"}],"version-history":[{"count":1,"href":"https:\/\/burkhard-group.com\/en\/wp-json\/wp\/v2\/pages\/1527\/revisions"}],"predecessor-version":[{"id":1683,"href":"https:\/\/burkhard-group.com\/en\/wp-json\/wp\/v2\/pages\/1527\/revisions\/1683"}],"wp:attachment":[{"href":"https:\/\/burkhard-group.com\/en\/wp-json\/wp\/v2\/media?parent=1527"}],"curies":[{"name":"wp","href":"https:\/\/api.w.org\/{rel}","templated":true}]}}